{"id":8,"date":"2011-02-27T17:16:12","date_gmt":"2011-02-27T17:16:12","guid":{"rendered":"https:\/\/servizilegali.org\/wp\/consulenze\/consulenze-e-pareri\/consulenze-informative\/"},"modified":"2022-12-06T17:56:39","modified_gmt":"2022-12-06T16:56:39","slug":"consulenze-informative","status":"publish","type":"page","link":"https:\/\/servizilegali.org\/?page_id=8","title":{"rendered":"Consulenze in Linea"},"content":{"rendered":"<p><img loading=\"lazy\" decoding=\"async\" class=\"alignnone wp-image-7 size-medium\" src=\"https:\/\/servizilegali.org\/wp-content\/uploads\/2011\/02\/giustizia-300x238.jpg\" alt=\"\" width=\"300\" height=\"238\" border=\"0\" srcset=\"https:\/\/servizilegali.org\/wp-content\/uploads\/2011\/02\/giustizia-300x238.jpg 300w, https:\/\/servizilegali.org\/wp-content\/uploads\/2011\/02\/giustizia.jpg 350w\" sizes=\"auto, (max-width: 300px) 100vw, 300px\" \/><\/p>\n<p style=\"text-align: justify;\">Il servizio offerto si svolge a stretto contatto con gli avvocati dello studio e comprende tutte le attivit\u00e0 di informazione e di pareri orali, anche attraverso le pi\u00f9 comuni piattaforme di video chiamata (Meet,\u00a0 Zoom, Skype, WhatsApp) oppure via e-mail , nonch\u00e9 l\u2019analisi delle situazioni preventive e preliminari all\u2019insorgere della causa vera e propria.<\/p>\n<p style=\"text-align: justify;\">La consulenza prevede lo studio del problema legale, eventuali ricerche legali giurisprudenziali, la redazione ove richiesto delle possibili soluzioni con un\u2019attenta analisi dei risultati realistici possibili da ottenere. Scopo del servizio di consulenza infatti, \u00e8 quello di dare al cliente una panoramica dei costi e dei benefici della tutela richiesta, operando cos\u00ec una valutazione seria del rapporto tra necessit\u00e0 di spesa e reali previsioni di successo.<\/p>\n<p style=\"text-align: justify;\">Risulta pertanto chiaro che con tale sistema \u00e8 possibile fornire un servizio a <span style=\"text-decoration: underline;\">costi contenuti<\/span> permettendo cos\u00ec quella diffuzione della cultura dei propri diritti necessaria per la tutela degli interessi dei singoli soggetti. Infatti attraverso una buona consulenza informativa il cittadino diventa consapevole delle proprie possibilit\u00e0 giuridiche e delle opportunit\u00e0 relative al personale agire senza avere pi\u00f9 la paura di costi esorbitanti che spesso preclude l&#8217;accesso alle informazioni rese da un esperto.<\/p>\n<p style=\"text-align: justify;\">Richiedi un preventivo esponendo il problema giuridico a <a href=\"mailto:info@servizilegali.org\">info@servizilegali.org<\/a> oppure invia una <a href=\"\/?page_id=432\">richiesta<\/a>.<\/p>\n","protected":false},"excerpt":{"rendered":"<p>Il servizio offerto si svolge a stretto contatto con gli avvocati dello studio e comprende tutte le attivit\u00e0 di informazione e di pareri orali, anche attraverso le pi\u00f9 comuni piattaforme di video chiamata (Meet,\u00a0 Zoom, Skype, WhatsApp) oppure via e-mail , nonch\u00e9 l\u2019analisi delle situazioni preventive e preliminari all\u2019insorgere della causa vera e propria. La [&hellip;]<\/p>\n","protected":false},"author":2,"featured_media":0,"parent":0,"menu_order":8,"comment_status":"closed","ping_status":"closed","template":"","meta":{"footnotes":""},"class_list":["post-8","page","type-page","status-publish","hentry"],"_links":{"self":[{"href":"https:\/\/servizilegali.org\/index.php?rest_route=\/wp\/v2\/pages\/8","targetHints":{"allow":["GET"]}}],"collection":[{"href":"https:\/\/servizilegali.org\/index.php?rest_route=\/wp\/v2\/pages"}],"about":[{"href":"https:\/\/servizilegali.org\/index.php?rest_route=\/wp\/v2\/types\/page"}],"author":[{"embeddable":true,"href":"https:\/\/servizilegali.org\/index.php?rest_route=\/wp\/v2\/users\/2"}],"replies":[{"embeddable":true,"href":"https:\/\/servizilegali.org\/index.php?rest_route=%2Fwp%2Fv2%2Fcomments&post=8"}],"version-history":[{"count":9,"href":"https:\/\/servizilegali.org\/index.php?rest_route=\/wp\/v2\/pages\/8\/revisions"}],"predecessor-version":[{"id":762,"href":"https:\/\/servizilegali.org\/index.php?rest_route=\/wp\/v2\/pages\/8\/revisions\/762"}],"wp:attachment":[{"href":"https:\/\/servizilegali.org\/index.php?rest_route=%2Fwp%2Fv2%2Fmedia&parent=8"}],"curies":[{"name":"wp","href":"https:\/\/api.w.org\/{rel}","templated":true}]}}