{"id":62,"date":"2011-03-06T09:03:12","date_gmt":"2011-03-06T09:03:12","guid":{"rendered":"https:\/\/servizilegali.org\/wp\/perle-imprese\/assistenza-alle-imprese\/convenzioni-ed-assistenza\/"},"modified":"2018-08-12T12:12:10","modified_gmt":"2018-08-12T11:12:10","slug":"convenzioni-ed-assistenza","status":"publish","type":"page","link":"https:\/\/servizilegali.org\/?page_id=62","title":{"rendered":"Convenzioni ed Assistenza"},"content":{"rendered":"<p><img loading=\"lazy\" decoding=\"async\" class=\"alignleft wp-image-61 size-full\" style=\"float: left;\" src=\"https:\/\/servizilegali.org\/wp-content\/uploads\/2011\/03\/image4.jpg\" alt=\"\" width=\"270\" height=\"186\" border=\"0\" \/><\/p>\n<p style=\"text-align: justify;\">Il servizio si svolge a stretto contatto con gli avvocati dello studio e comprende tutte le attivit\u00e0 di informazione e di pareri orali oppure via e-mail, nonch\u00e9 l\u2019analisi delle situazioni\u00a0preventive e preliminari all\u2019insorgere della Controversia vera e propria.<\/p>\n<p style=\"text-align: justify;\">La consulenza prevede lo studio del problema legale, eventuali ricerche legali giurisprudenziali, la redazione di lettere e risposte a lettere tecniche e a raccomandate legali, stesura di lettere di messa in mora per recupero crediti.<\/p>\n<p style=\"text-align: justify;\">Assistenza contrattuale civile con stesura di formule di contratti utili per l\u2019azienda.<\/p>\n<p style=\"text-align: justify;\">Attivit\u00e0 preliminari di conciliazione liti. Assistenza nelle ADR.<\/p>\n<p style=\"text-align: justify;\">Si fornir\u00e0 assistenza legale in tutti i procedimenti in cui sar\u00e0 necessario offrendo una copertura specialistica in tutti i settori del diritto.<\/p>\n<p style=\"text-align: justify;\">Il prezzo \u00e8 valutato a secondo della tipologia di intervento che il cliente richiede, sia esso privato che impresa, sar\u00e0 tenuto conto della caratteristica specifica della materia e delle problematiche connesse alla stessa. Si Fornir\u00e0 gratuitamente un preventivo.<\/p>\n","protected":false},"excerpt":{"rendered":"<p>Il servizio si svolge a stretto contatto con gli avvocati dello studio e comprende tutte le attivit\u00e0 di informazione e di pareri orali oppure via e-mail, nonch\u00e9 l\u2019analisi delle situazioni\u00a0preventive e preliminari all\u2019insorgere della Controversia vera e propria. La consulenza prevede lo studio del problema legale, eventuali ricerche legali giurisprudenziali, la redazione di lettere e [&hellip;]<\/p>\n","protected":false},"author":1,"featured_media":0,"parent":43,"menu_order":13,"comment_status":"closed","ping_status":"closed","template":"","meta":{"footnotes":""},"class_list":["post-62","page","type-page","status-publish","hentry"],"_links":{"self":[{"href":"https:\/\/servizilegali.org\/index.php?rest_route=\/wp\/v2\/pages\/62","targetHints":{"allow":["GET"]}}],"collection":[{"href":"https:\/\/servizilegali.org\/index.php?rest_route=\/wp\/v2\/pages"}],"about":[{"href":"https:\/\/servizilegali.org\/index.php?rest_route=\/wp\/v2\/types\/page"}],"author":[{"embeddable":true,"href":"https:\/\/servizilegali.org\/index.php?rest_route=\/wp\/v2\/users\/1"}],"replies":[{"embeddable":true,"href":"https:\/\/servizilegali.org\/index.php?rest_route=%2Fwp%2Fv2%2Fcomments&post=62"}],"version-history":[{"count":6,"href":"https:\/\/servizilegali.org\/index.php?rest_route=\/wp\/v2\/pages\/62\/revisions"}],"predecessor-version":[{"id":523,"href":"https:\/\/servizilegali.org\/index.php?rest_route=\/wp\/v2\/pages\/62\/revisions\/523"}],"up":[{"embeddable":true,"href":"https:\/\/servizilegali.org\/index.php?rest_route=\/wp\/v2\/pages\/43"}],"wp:attachment":[{"href":"https:\/\/servizilegali.org\/index.php?rest_route=%2Fwp%2Fv2%2Fmedia&parent=62"}],"curies":[{"name":"wp","href":"https:\/\/api.w.org\/{rel}","templated":true}]}}