{"id":60,"date":"2011-03-06T08:53:38","date_gmt":"2011-03-06T08:53:38","guid":{"rendered":"https:\/\/servizilegali.org\/wp\/consulenze\/consulenze-e-pareri\/consulenza-tramite-video-conferenza\/"},"modified":"2018-08-12T12:11:27","modified_gmt":"2018-08-12T11:11:27","slug":"consulenza-tramite-video-conferenza","status":"publish","type":"page","link":"https:\/\/servizilegali.org\/?page_id=60","title":{"rendered":"Consulenza tramite Videoconferenza"},"content":{"rendered":"<p><img loading=\"lazy\" decoding=\"async\" class=\"alignnone wp-image-58 size-full\" src=\"https:\/\/servizilegali.org\/wp-content\/uploads\/2011\/03\/images9.jpg\" alt=\"\" width=\"199\" height=\"253\" border=\"0\" \/><\/p>\n<p style=\"text-align: justify;\">Lo Studio Legale \u00e8 presente anche su Skype tramite il quale \u00e8 possibile effettuare una Videoconferenza al fine di unire alla tecnologia anche l\u2019approccio tradizionale del rapporto di fiducia. Tramite tale strumento le distanze e i tempi sono annullati, rendendo possibile un contatto visivo in quelle circostanze in cui ci\u00f2 risulterebbe pi\u00f9 problematico. La procedura \u00e8 molto semplice, occorre solamente aver installato il programma Skype sul proprio PC e creare un account gratuito, fatto ci\u00f2 trova su Skype Servizi Legali attraverso l&#8217;email info@servizilegali.org e concorda un appuntamento lasciando un msg, verrai contattato direttamente dallo Studio Legale e tramite WebCam sar\u00e0 possibile avere una vera e propria consulenza Video in diretta. I costi di tale servizio vengono concordati con il cliente\u00a0durante la fase di programmazione dell&#8217;appuntamento e dipendono dalla durata della Videoconferenza e dalla specifica materia trattata. Attraverso tale semplice stumento puoi avere il consiglio di un avvocato direttamente nel luogo in cui ti trovi, velocemente e senza sorprese economiche!<\/p>\n<p><!-- Skype 'Skype Me\u2122!' button http:\/\/www.skype.com\/go\/skypebuttons --><\/p>\n<p style=\"text-align: center;\"><a title=\"Chiama\" href=\"skype:paragna?call\"><img loading=\"lazy\" decoding=\"async\" class=\"alignnone wp-image-59 size-full\" style=\"border: none;\" src=\"https:\/\/servizilegali.org\/wp-content\/uploads\/2011\/03\/call_green_white_124x52.png\" alt=\"Skype Me\u2122!\" width=\"124\" height=\"52\" border=\"0\" \/><\/a><\/p>\n","protected":false},"excerpt":{"rendered":"<p>Lo Studio Legale \u00e8 presente anche su Skype tramite il quale \u00e8 possibile effettuare una Videoconferenza al fine di unire alla tecnologia anche l\u2019approccio tradizionale del rapporto di fiducia. Tramite tale strumento le distanze e i tempi sono annullati, rendendo possibile un contatto visivo in quelle circostanze in cui ci\u00f2 risulterebbe pi\u00f9 problematico. La procedura [&hellip;]<\/p>\n","protected":false},"author":1,"featured_media":0,"parent":8,"menu_order":10,"comment_status":"closed","ping_status":"closed","template":"","meta":{"footnotes":""},"class_list":["post-60","page","type-page","status-publish","hentry"],"_links":{"self":[{"href":"https:\/\/servizilegali.org\/index.php?rest_route=\/wp\/v2\/pages\/60","targetHints":{"allow":["GET"]}}],"collection":[{"href":"https:\/\/servizilegali.org\/index.php?rest_route=\/wp\/v2\/pages"}],"about":[{"href":"https:\/\/servizilegali.org\/index.php?rest_route=\/wp\/v2\/types\/page"}],"author":[{"embeddable":true,"href":"https:\/\/servizilegali.org\/index.php?rest_route=\/wp\/v2\/users\/1"}],"replies":[{"embeddable":true,"href":"https:\/\/servizilegali.org\/index.php?rest_route=%2Fwp%2Fv2%2Fcomments&post=60"}],"version-history":[{"count":5,"href":"https:\/\/servizilegali.org\/index.php?rest_route=\/wp\/v2\/pages\/60\/revisions"}],"predecessor-version":[{"id":521,"href":"https:\/\/servizilegali.org\/index.php?rest_route=\/wp\/v2\/pages\/60\/revisions\/521"}],"up":[{"embeddable":true,"href":"https:\/\/servizilegali.org\/index.php?rest_route=\/wp\/v2\/pages\/8"}],"wp:attachment":[{"href":"https:\/\/servizilegali.org\/index.php?rest_route=%2Fwp%2Fv2%2Fmedia&parent=60"}],"curies":[{"name":"wp","href":"https:\/\/api.w.org\/{rel}","templated":true}]}}