{"id":54,"date":"2011-03-06T08:36:44","date_gmt":"2011-03-06T08:36:44","guid":{"rendered":"https:\/\/servizilegali.org\/wp\/menu-principale\/menu-principale-menu-principale\/metodologia-di-intervento\/"},"modified":"2018-08-12T12:09:38","modified_gmt":"2018-08-12T11:09:38","slug":"metodologia-di-intervento","status":"publish","type":"page","link":"https:\/\/servizilegali.org\/?page_id=54","title":{"rendered":"Metodologia di Intervento"},"content":{"rendered":"<p style=\"text-align: left;\"><img loading=\"lazy\" decoding=\"async\" class=\"alignnone wp-image-53 size-full\" src=\"https:\/\/servizilegali.org\/wp-content\/uploads\/2011\/03\/images7.jpg\" alt=\"\" width=\"288\" height=\"175\" border=\"0\" \/><\/p>\n<p style=\"text-align: justify;\">Il patrimonio dello Studio Legale B&amp;D \u00e8 dato dalla competenza del gruppo, dal riscontro dei clienti, dall\u2019attivit\u00e0 di studio, ricerca e sviluppo metodologico, dal confronto con i colleghi e concorrenti, dall\u2019apprendimento e dalla formazione continua alla quale si sottopone.<\/p>\n<p style=\"text-align: justify;\">Siamo certi che i clienti condividano, non solo i risultati ottenuti, ma anche come questi vengano perseguiti.<\/p>\n<p style=\"text-align: justify;\">Questi sono i nostri valori ed il nostro metodo:<\/p>\n<ul style=\"text-align: justify;\">\n<li style=\"list-style-type: none;\">\n<ul style=\"text-align: justify;\">\n<li>Avere spirito creativo ed innovativo;<\/li>\n<li>Essere capaci di integrare nozionismo ed operativit\u00e0 in un approccio costruttivo;<\/li>\n<li>Condividere le scelte, le strategie, gli obiettivi con il cliente per avere immediatezza di riscontri e confronto passo dopo passo. Lo Studio non fornisce un prodotto ma gli strumenti per avere una visione chiara della situazione giuridica con cui confrontarsi.<\/li>\n<li>Rappresentare senza equivoci i rischi legali, senza assecondare il cliente in condotte non conformi al reale interesse da tutelare;<\/li>\n<li>Assicurare interventi personalizzati e diversificati a seconda del problema, sia per i privati che per le aziende;<\/li>\n<li>Prevenire il contenzioso, riconoscendo anticipatamente le problematiche ed attuando efficaci sistemi di tutela;<\/li>\n<li>Avere tariffe adeguate, chiare ed oneste, affinch\u00e9 il rapporto costi \u2013 benefici per chi sceglie i nostri servizi sia sempre positivo;<\/li>\n<li>Assicurare economia di tempi, celerit\u00e0, reperibilit\u00e0 e disponibilit\u00e0 a gestire gli imprevisti;<\/li>\n<li>Garantire riservatezza;<\/li>\n<li>Possedere capacit\u00e0 di analisi dei contesti e delle priorit\u00e0 e aver acquisito differenti logiche di intervento: in sintesi concretezza e versatilit\u00e0;<\/li>\n<li>Mantenere la propria autonomia e, se occorre, saper dire di no;<\/li>\n<li style=\"text-align: justify;\">Lavorare con passione continuando a credere in ci\u00f2 che si fa.<\/li>\n<\/ul>\n<\/li>\n<\/ul>\n","protected":false},"excerpt":{"rendered":"<p>Il patrimonio dello Studio Legale B&amp;D \u00e8 dato dalla competenza del gruppo, dal riscontro dei clienti, dall\u2019attivit\u00e0 di studio, ricerca e sviluppo metodologico, dal confronto con i colleghi e concorrenti, dall\u2019apprendimento e dalla formazione continua alla quale si sottopone. Siamo certi che i clienti condividano, non solo i risultati ottenuti, ma anche come questi vengano [&hellip;]<\/p>\n","protected":false},"author":1,"featured_media":0,"parent":41,"menu_order":6,"comment_status":"closed","ping_status":"closed","template":"","meta":{"footnotes":""},"class_list":["post-54","page","type-page","status-publish","hentry"],"_links":{"self":[{"href":"https:\/\/servizilegali.org\/index.php?rest_route=\/wp\/v2\/pages\/54","targetHints":{"allow":["GET"]}}],"collection":[{"href":"https:\/\/servizilegali.org\/index.php?rest_route=\/wp\/v2\/pages"}],"about":[{"href":"https:\/\/servizilegali.org\/index.php?rest_route=\/wp\/v2\/types\/page"}],"author":[{"embeddable":true,"href":"https:\/\/servizilegali.org\/index.php?rest_route=\/wp\/v2\/users\/1"}],"replies":[{"embeddable":true,"href":"https:\/\/servizilegali.org\/index.php?rest_route=%2Fwp%2Fv2%2Fcomments&post=54"}],"version-history":[{"count":5,"href":"https:\/\/servizilegali.org\/index.php?rest_route=\/wp\/v2\/pages\/54\/revisions"}],"predecessor-version":[{"id":517,"href":"https:\/\/servizilegali.org\/index.php?rest_route=\/wp\/v2\/pages\/54\/revisions\/517"}],"up":[{"embeddable":true,"href":"https:\/\/servizilegali.org\/index.php?rest_route=\/wp\/v2\/pages\/41"}],"wp:attachment":[{"href":"https:\/\/servizilegali.org\/index.php?rest_route=%2Fwp%2Fv2%2Fmedia&parent=54"}],"curies":[{"name":"wp","href":"https:\/\/api.w.org\/{rel}","templated":true}]}}