{"id":47,"date":"2011-03-04T00:07:45","date_gmt":"2011-03-04T00:07:45","guid":{"rendered":"https:\/\/servizilegali.org\/wp\/perle-imprese\/assistenza-alle-imprese\/sviluppare-il-proprio-mercato\/"},"modified":"2018-08-12T12:12:31","modified_gmt":"2018-08-12T11:12:31","slug":"sviluppare-il-proprio-mercato","status":"publish","type":"page","link":"https:\/\/servizilegali.org\/?page_id=47","title":{"rendered":"Sviluppare il Proprio Mercato"},"content":{"rendered":"<p style=\"text-align: justify;\"><img loading=\"lazy\" decoding=\"async\" class=\"alignnone wp-image-46 size-full\" src=\"https:\/\/servizilegali.org\/wp-content\/uploads\/2011\/03\/images.jpg\" alt=\"\" width=\"124\" height=\"111\" border=\"0\" \/><\/p>\n<p style=\"text-align: justify;\">Un processo continuo per risultati migliori. Per il vincolo dell\u2019economicit\u00e0 le imprese, come \u00e8 noto, devono adeguarsi continuamente alle mutevoli condizioni quali-quantitative del mercato. Ma ci\u00f2 oggi \u00e8 sempre pi\u00f9 difficile perch\u00e9 esse hanno il peso della struttura che le rende piuttosto rigide e per l\u2019estrema variabilit\u00e0 del mercato che \u00e8 divenuto ormai globalizzato ed internazionalizzato. Da qui la crescita del rischio generale d\u2019impresa e la necessit\u00e0 di affrontare il mercato con adeguate strategie. La strategia si connette al problema dell\u2019equilibrio in quanto per ottenere o migliorare quest\u2019ultimo si richiede, oltre l\u2019armonia interna dell\u2019impresa, che si ottiene attraverso la ricerca dell\u2019efficienza dei servizi e dei reparti, anche la sintonia esterna con mercato, che appunto rende necessario il ricorso ad un\u2019adeguata strategia.<\/p>\n<p><strong>L\u2019analisi dell\u2019ambiente esterno<\/strong><\/p>\n<p style=\"text-align: justify;\">Con il termine ambiente s\u2019intende tutto ci\u00f2 che sta intorno all\u2019impresa. Nell\u2019analisi strategica l\u2019ambiente consiste in una serie di variabili di medio e lungo termine che sfuggono al controllo del management ma che possono incidere sulle decisioni e sul successo delle strategie. Perch\u00e9 un\u2019impresa abbia successo \u00e8 necessario che il management capisca quali variabili dell\u2019ambiente\u00a0possono agire sul futuro dell\u2019impresa, cerchi di prevederne il cammino al fine d\u2019individuare minacce ed opportunit\u00e0, adatti la strategia secondo le previsioni sul futuro delle variabili.<\/p>\n<p><strong>L\u2019analisi dell\u2019ambiente operativo interno<\/strong><\/p>\n<p style=\"text-align: justify;\">L\u2019analisi dell\u2019ambiente operativo interno individua le forze, le funzioni, i processi su cui si pu\u00f2 contare per realizzare la strategia e deve estendersi fino a comprendere il sistema degli interlocutori sociali interni, ossia fino a considerare le attese dei soci e della direzione. Per realizzarla bisogna prendere in considerazione tutti i contributi che le varie parti dell\u2019organizzazione possono dare ma anche i punti di debolezza.<\/p>\n<p style=\"text-align: justify;\">Lo Studio Legale B&amp;D offre ai propri clienti ed ai propri partner professionali una nuova dimensione della consulenza e dell\u2019assistenza all&#8217;impresa. Infatti la crescita economica e degli affari dei nostri clienti \u00e8 il vero investimento di uno Studio di assistenza e consulenza legale. Mettere in relazione realt\u00e0 aziendali conosciute e affidabili, fornire spunti e possibilit\u00e0 attraverso una rete di Imprenditori che operano sul mercato i diversi settori merceologici \u00e8 un\u2019opportunit\u00e0 offerta ai nostri clienti, contribuire al miglioramento delle scelte strategiche, fornire informazioni al management al fine di prevedere opportunit\u00e0 e rischi, tutelare il business, queste in breve sono gli apporti che offriamo.<\/p>\n<p style=\"text-align: justify;\">Pertanto\u00a0nell\u2019ambito dell\u2019attivit\u00e0 di consulenza forniamo elementi ed risorse per sviluppare i propri affari rendendo le potenzialit\u00e0 di ogni impresa un valore aggiunto al sevizio offerto.<\/p>\n","protected":false},"excerpt":{"rendered":"<p>Un processo continuo per risultati migliori. Per il vincolo dell\u2019economicit\u00e0 le imprese, come \u00e8 noto, devono adeguarsi continuamente alle mutevoli condizioni quali-quantitative del mercato. Ma ci\u00f2 oggi \u00e8 sempre pi\u00f9 difficile perch\u00e9 esse hanno il peso della struttura che le rende piuttosto rigide e per l\u2019estrema variabilit\u00e0 del mercato che \u00e8 divenuto ormai globalizzato ed [&hellip;]<\/p>\n","protected":false},"author":1,"featured_media":0,"parent":43,"menu_order":14,"comment_status":"closed","ping_status":"closed","template":"","meta":{"footnotes":""},"class_list":["post-47","page","type-page","status-publish","hentry"],"_links":{"self":[{"href":"https:\/\/servizilegali.org\/index.php?rest_route=\/wp\/v2\/pages\/47","targetHints":{"allow":["GET"]}}],"collection":[{"href":"https:\/\/servizilegali.org\/index.php?rest_route=\/wp\/v2\/pages"}],"about":[{"href":"https:\/\/servizilegali.org\/index.php?rest_route=\/wp\/v2\/types\/page"}],"author":[{"embeddable":true,"href":"https:\/\/servizilegali.org\/index.php?rest_route=\/wp\/v2\/users\/1"}],"replies":[{"embeddable":true,"href":"https:\/\/servizilegali.org\/index.php?rest_route=%2Fwp%2Fv2%2Fcomments&post=47"}],"version-history":[{"count":5,"href":"https:\/\/servizilegali.org\/index.php?rest_route=\/wp\/v2\/pages\/47\/revisions"}],"predecessor-version":[{"id":524,"href":"https:\/\/servizilegali.org\/index.php?rest_route=\/wp\/v2\/pages\/47\/revisions\/524"}],"up":[{"embeddable":true,"href":"https:\/\/servizilegali.org\/index.php?rest_route=\/wp\/v2\/pages\/43"}],"wp:attachment":[{"href":"https:\/\/servizilegali.org\/index.php?rest_route=%2Fwp%2Fv2%2Fmedia&parent=47"}],"curies":[{"name":"wp","href":"https:\/\/api.w.org\/{rel}","templated":true}]}}