{"id":268,"date":"2015-07-06T18:23:37","date_gmt":"2015-07-06T18:23:37","guid":{"rendered":"https:\/\/servizilegali.org\/wp\/newsinfo\/newsinfo-newsinfo\/privacy\/"},"modified":"2018-08-13T23:00:59","modified_gmt":"2018-08-13T22:00:59","slug":"privacy","status":"publish","type":"page","link":"https:\/\/servizilegali.org\/?page_id=268","title":{"rendered":"Privacy"},"content":{"rendered":"<p><img loading=\"lazy\" decoding=\"async\" class=\"size-thumbnail wp-image-607\" src=\"https:\/\/servizilegali.org\/wp-content\/uploads\/2018\/08\/info-150x150.jpg\" alt=\"\" width=\"150\" height=\"150\" \/><\/p>\n<h3 style=\"text-align: justify;\">POLITICA SULLA PRIVACY<\/h3>\n<p style=\"text-align: justify;\">Benvenuti alla nuova Politica sulla privacy dello Studio Legale Brugnoli\u00a0 &#8211; D&#8217;Andrea. Grazie del tempo che dedichi alla lettura di questa pagina. Apprezziamo il fatto che ci affidi con fiducia le tue informazioni e intendiamo mantenere sempre questo rapporto di fiducia. Il primo passo \u00e8 comunicarti in modo chiaro quali informazioni raccogliamo, perch\u00e9 le raccogliamo, come vengono utilizzate e quali sono le scelte a tua disposizione per quanto riguarda le tue informazioni. Questa Politica descrive le nostre prassi in materia di privacy in modo semplice e chiaro, riducendo al minimo il linguaggio specialistico legale e tecnico.<\/p>\n<p style=\"text-align: justify;\">Questa Politica sulla privacy si applica a partire dal 25 Maggio 2018.<\/p>\n<h4><\/h4>\n<h4 style=\"text-align: justify;\">1. Chi siamo<\/h4>\n<p style=\"text-align: justify;\">La societ\u00e0 che \u00e8 responsabile delle tue informazioni in base a questa Politica sulla privacy \u00e8:<\/p>\n<p style=\"text-align: justify;\">STUDIO LEGALE BRUGNOLI &#8211; D&#8217;ANDREA<br \/>\nVIA ROMEO ROMEI, 23<br \/>\n00136 ROMA (RM)<\/p>\n<h4><\/h4>\n<h4 style=\"text-align: justify;\">2. Dove si applica questa politica sulla privacy<\/h4>\n<p style=\"text-align: justify;\">Questa Politica sulla privacy si applica ai dati forniti a questo sito dai form di richieste presenti, ai dati forniti dalla iscrizione alla newsletter, ai dati raccolti durante la tua navigazione e a tutti i dati a noi pervenuti in qualunque altra modalit\u00e0, elettronica e non.<\/p>\n<h4><\/h4>\n<h4 style=\"text-align: justify;\">3. Quali informazioni raccogliamo<\/h4>\n<p style=\"text-align: justify;\">\u00c8 ovvio che non possiamo rispondere alle vostre richieste senza alcuni dettagli fondamentali come indirizzi, numeri di telefono, mail ecc. Raccogliamo inoltre informazioni generate dal tuo utilizzo dei nostri servizi, per esempio log di accesso, pagine visitate, link ecc.<\/p>\n<h4><\/h4>\n<h4 style=\"text-align: justify;\">4. Cookie e altre tecnologie simili di raccolta dati<\/h4>\n<p style=\"text-align: justify;\">Usiamo e possiamo permettere ad altri di usare cookie e tecnologie simili (ad esempio, web beacon, pixel) per riconoscerti e\/o riconoscere il tuo dispositivo o tuoi dispositivi. Alcuni browser web (tra cui Safari, Internet Explorer, Firefox e Chrome) hanno un\u2019opzione \u201cNon tenere traccia\u201d (\u201cDo Not Track \u2013 DNT\u201d) che comunica a un sito web che l\u2019utente non vuole che si tenga traccia della sua attivit\u00e0. Se un sito web che risponde alle richieste DNT riceve una richiesta DNT, il browser pu\u00f2 impedire a quel sito web di raccogliere certe informazioni sull\u2019utente del browser. Non tutti i browser offrono l\u2019opzione DNT e le richieste DNT non sono ancora uniformi.<\/p>\n<h4><\/h4>\n<h4 style=\"text-align: justify;\">5. Come utilizziamo le informazioni<\/h4>\n<p style=\"text-align: justify;\">Il motivo principale per cui utilizziamo le tue informazioni \u00e8 fornire e migliorare i nostri servizi. Inoltre, utilizziamo le tue informazioni per motivi statistici sull\u2019utilizzo del nostro sito.<\/p>\n<h4><\/h4>\n<h4 style=\"text-align: justify;\">6. Come condividiamo le informazioni<\/h4>\n<p style=\"text-align: justify;\">Dal momento che il nostro obiettivo \u00e8 portare a termine la richiesta del Cliente, potrebbe essere necessario condividere le tue informazioni con collaboratori. Condividiamo anche alcune informazioni degli utenti con i fornitori di servizi e i partner che ci assistono nella gestione delle richieste, con altre societ\u00e0, in alcuni casi, con le autorit\u00e0 giudiziarie. Continua a leggere per ulteriori dettagli su come le tue informazioni sono condivise con altre persone.<\/p>\n<ul style=\"text-align: justify;\">\n<li title=\"\" data-original-title=\"\">Con i nostri fornitori di servizi e partner<\/li>\n<\/ul>\n<p style=\"text-align: justify;\">Utilizziamo terze parti per aiutarci a gestire e migliorare i nostri servizi. Queste terze parti ci assistono in varie attivit\u00e0, tra cui le forniture e la manutenzione dei nostri prodotti, l\u2019assistenza clienti, il marketing, la pubblicit\u00e0, l\u2019elaborazione dei pagamenti e le operazioni di sicurezza.<\/p>\n<p style=\"text-align: justify;\">Seguiamo un rigoroso processo di selezione prima di affidarci a un fornitore di servizi o collaborare con un partner. Tutti i nostri fornitori di servizi e partner devono sottoscrivere rigorosi obblighi di riservatezza.<\/p>\n<h4><\/h4>\n<h4 style=\"text-align: justify;\">7. I tuoi diritti<\/h4>\n<p style=\"text-align: justify;\">Vogliamo che tu abbia il controllo delle tue informazioni, quindi puoi richiedere in qualsiasi momento la revisione, correzione o eliminazione dei tuoi dati dai nostri database. La richiesta dovr\u00e0 avvenire tramite mail accompagnata da copia documento valido.<\/p>\n<h4><\/h4>\n<h4 style=\"text-align: justify;\">8. Per quanto tempo conserviamo le tue informazioni<\/h4>\n<p style=\"text-align: justify;\">Conserviamo le tue informazioni solo finch\u00e9 ne abbiamo bisogno per scopi commerciali e di servizi legittimi. Per proteggere la sicurezza dei nostri Clienti abbiamo adottato un periodo di conservazione per sicurezza di tre mesi dopo la cancellazione.<\/p>\n<p style=\"text-align: justify;\">In pratica, cancelliamo o rendiamo anonime le tue informazioni alla cancellazione (in seguito al periodo di conservazione di sicurezza) eccetto quando:<\/p>\n<ol style=\"text-align: justify;\">\n<li title=\"\" data-original-title=\"\">dobbiamo conservarle per rispettare la legge applicabile (per esempio, alcuni \u201cdati sul traffico\u201d sono conservati per un anno per rispettare obblighi di legge sulla conservazione dei dati);<\/li>\n<li title=\"\" data-original-title=\"\">dobbiamo conservarle per dimostrare la nostra conformit\u00e0 alla legge applicabile (per esempio, documentazione del consenso ai nostri Termini, alla nostra Politica sulla privacy e altri consensi simili che vengono conservati per cinque anni);<\/li>\n<li title=\"\" data-original-title=\"\">\u00e8 in corso un problema non risolto, una causa, un reclamo o una controversia che ci impone di conservare le informazioni in questione fino alla risoluzione del caso; oppure<\/li>\n<li title=\"\" data-original-title=\"\">le informazioni devono essere conservate per i nostri legittimi interessi legali commerciali compresi quelli dei nostri assistiti, come ad esempio per la prevenzione delle frodi.<\/li>\n<\/ol>\n<h4><\/h4>\n<h4 style=\"text-align: justify;\">9. Modifiche alla politica sulla privacy<\/h4>\n<p style=\"text-align: justify;\">Poich\u00e9 siamo sempre alla ricerca di modi pi\u00f9 efficaci per proteggere le tue informazioni ed i tuoi dati, questa politica potrebbe cambiare nel corso del tempo. Ti informeremo prima dell\u2019entrata in vigore di qualsiasi modifica sostanziale in modo da darti il tempo di prendere visione delle modifiche.<\/p>\n<h4><\/h4>\n<h4 style=\"text-align: justify;\">10. Come contattarci<\/h4>\n<p style=\"text-align: justify;\">Se hai domande su questa Politica sulla privacy, ecco come puoi contattarci:<\/p>\n<p style=\"text-align: justify;\"><a href=\"https:\/\/servizilegali.org\/?page_id=432\">Modulo Richiesta<\/a><\/p>\n<p style=\"text-align: justify;\">Per posta:<\/p>\n<p style=\"text-align: justify;\">STUDIO LEGALE BRUGNOLI &#8211; D&#8217;ANDREA<br \/>\nVIA ROMEO ROMEI, 23<br \/>\n00136 ROMA (RM)<\/p>\n<p style=\"text-align: justify;\">Per email:<\/p>\n<p style=\"text-align: justify;\"><a href=\"mailto:info@servizilegali.org\">info@servizilegali.org<\/a><\/p>\n","protected":false},"excerpt":{"rendered":"<p>POLITICA SULLA PRIVACY Benvenuti alla nuova Politica sulla privacy dello Studio Legale Brugnoli\u00a0 &#8211; D&#8217;Andrea. Grazie del tempo che dedichi alla lettura di questa pagina. Apprezziamo il fatto che ci affidi con fiducia le tue informazioni e intendiamo mantenere sempre questo rapporto di fiducia. Il primo passo \u00e8 comunicarti in modo chiaro quali informazioni raccogliamo, [&hellip;]<\/p>\n","protected":false},"author":1,"featured_media":0,"parent":0,"menu_order":1,"comment_status":"closed","ping_status":"closed","template":"","meta":{"footnotes":""},"class_list":["post-268","page","type-page","status-publish","hentry"],"_links":{"self":[{"href":"https:\/\/servizilegali.org\/index.php?rest_route=\/wp\/v2\/pages\/268","targetHints":{"allow":["GET"]}}],"collection":[{"href":"https:\/\/servizilegali.org\/index.php?rest_route=\/wp\/v2\/pages"}],"about":[{"href":"https:\/\/servizilegali.org\/index.php?rest_route=\/wp\/v2\/types\/page"}],"author":[{"embeddable":true,"href":"https:\/\/servizilegali.org\/index.php?rest_route=\/wp\/v2\/users\/1"}],"replies":[{"embeddable":true,"href":"https:\/\/servizilegali.org\/index.php?rest_route=%2Fwp%2Fv2%2Fcomments&post=268"}],"version-history":[{"count":11,"href":"https:\/\/servizilegali.org\/index.php?rest_route=\/wp\/v2\/pages\/268\/revisions"}],"predecessor-version":[{"id":611,"href":"https:\/\/servizilegali.org\/index.php?rest_route=\/wp\/v2\/pages\/268\/revisions\/611"}],"wp:attachment":[{"href":"https:\/\/servizilegali.org\/index.php?rest_route=%2Fwp%2Fv2%2Fmedia&parent=268"}],"curies":[{"name":"wp","href":"https:\/\/api.w.org\/{rel}","templated":true}]}}