{"id":149,"date":"2011-03-12T15:50:46","date_gmt":"2011-03-12T15:50:46","guid":{"rendered":"https:\/\/servizilegali.org\/wp\/utility\/il-salvagente\/mediazione-familiare\/"},"modified":"2018-08-12T12:14:49","modified_gmt":"2018-08-12T11:14:49","slug":"mediazione-familiare","status":"publish","type":"page","link":"https:\/\/servizilegali.org\/?page_id=149","title":{"rendered":"Mediazione Familiare"},"content":{"rendered":"<p style=\"text-align: justify;\"><img loading=\"lazy\" decoding=\"async\" class=\"alignnone wp-image-148 size-full\" src=\"https:\/\/servizilegali.org\/wp-content\/uploads\/2011\/03\/mm1images.jpg\" alt=\"\" width=\"220\" height=\"229\" border=\"0\" \/><\/p>\n<p style=\"text-align: justify;\">La Mediazione Familiare \u00e8 un tipo di intervento volto alla riorganizzazione delle relazioni familiari ed alla risoluzione dei conflitti in caso di separazione o di divorzio, ovvero <strong>durante la separazione o il divorzio<\/strong>.\u00a0Il percorso di mediazione rappresenta una valida alternativa alla tradizionale via giudiziaria: il suo scopo \u00e8 quello di consentire ai coniugi che scelgono di porre fine al proprio vincolo matrimoniale di raggiungere, in prima persona, degli accordi di separazione o di divorzio e di essere artefici della riorganizzazione familiare che andr\u00e0 a regolare la vita futura loro e dei loro figli. Inoltre dopo la separazione o il divorzio la mediazione familiare aiuta a modificare la parte degli accordi che si sono rilevati poco attuabili o necessitano di essere ridiscussi per le mutate condizioni dei singoli ex coniugi oppure per nuove esigenze dei figli.<\/p>\n<p style=\"text-align: justify;\">Il rapporto familiare post separazione \u00e8 un <strong>rapporto dinamico<\/strong> che spesso muta esigenze ed interessi, condizionato dalle singole fasi della vita dei componenti (mutamento del lavoro, crescita dei figli, l&#8217;inserimento di nuove figure, eventi inaspettati) difficilmente gli accordi presi in fase di separazione e divorzio reggono la prova del tempo e pertanto la Mediazione Familiare aiuta il crearsi dei nuovi equilibri necessari tra i componenti familiari.<\/p>\n<p style=\"text-align: justify;\">I dati sperimentali derivati dagli studi sulle conseguenze del divorzio condotti a livello mondiale parlano chiaro:<strong> la durata degli accordi \u00e8 direttamente proporzionale al grado di soddisfazione che questi procurano a chi \u00e8 tenuto a rispettarli.<\/strong> Ne deriva che soltanto un accordo che rispetti gli interessi di entrambi i coniugi avr\u00e0 la possibilit\u00e0 di resistere nel tempo. Queste ricerche, avviate negli Stati Uniti, in Canada ma anche in Europa, dimostrano con evidenza che in percentuale gli accordi raggiunti in sede di mediazione familiare presentano un numero considerevolmente pi\u00f9 basso di successivi ricorsi in tribunale rispetto agli accordi imposti dal giudice in sede giudiziaria. La Charte europ\u00e9enne de la formation des m\u00e9diateurs familiaux, redatta nel 1992 da un&#8217;\u00e9quipe di mediatori e poi ripresa nel 1997 dal Forum europeo di formazione alla mediazione familiare, definisce la mediazione &#8220;un processo che prevede la presenza di un terzo &#8211; il mediatore appunto &#8211; adeguatamente preparato che aiuta le parti ad affrontare tutte le questioni connesse alla riorganizzazione familiare in vista della separazione coniugale, nel pieno rispetto delle legislazioni vigenti nei vari paesi&#8221;. In mediazione, quindi, i coniugi lavorano insieme con il mediatore per il raggiungimento di un obiettivo concreto: l&#8217;elaborazione di accordi di separazione che saranno poi presentati al giudice per ottenere l&#8217;approvazione ufficiale necessaria, ovvero concordare le modifiche degli accordi precedentemente omologati dal Tribunale.<\/p>\n<p style=\"text-align: justify;\">La mediazione inoltre risulta molto utile al fine di trovare accordi e soluzioni dopo l\u2019iter giudiziario della separazione o del divorzio. Infatti l\u2019arida applicazione delle regole stabilite in sede giudiziaria o anche di natura consensuale, non corrisponde spesso alle mutate esigenze delle persone (figli e genitori) coinvolte nell\u2019evolversi della vita. Spesso i rapporti personali, logorati dalle vicende di coppia, non permettono di risolvere problemi, anche facili, che se non rimossi ostacolano il normale vivere quotidiano.<\/p>\n<p style=\"text-align: justify;\">Se vuoi ricevere un aiuto, esporre la tua situazione e\u00a0richiedere un preventivo scrivi a info@servizilegali.org ovvero inoltra una <a href=\"https:\/\/servizilegali.org\/?page_id=432\">richiesta<\/a>.<\/p>\n","protected":false},"excerpt":{"rendered":"<p>La Mediazione Familiare \u00e8 un tipo di intervento volto alla riorganizzazione delle relazioni familiari ed alla risoluzione dei conflitti in caso di separazione o di divorzio, ovvero durante la separazione o il divorzio.\u00a0Il percorso di mediazione rappresenta una valida alternativa alla tradizionale via giudiziaria: il suo scopo \u00e8 quello di consentire ai coniugi che scelgono [&hellip;]<\/p>\n","protected":false},"author":2,"featured_media":0,"parent":133,"menu_order":20,"comment_status":"closed","ping_status":"closed","template":"","meta":{"footnotes":""},"class_list":["post-149","page","type-page","status-publish","hentry"],"_links":{"self":[{"href":"https:\/\/servizilegali.org\/index.php?rest_route=\/wp\/v2\/pages\/149","targetHints":{"allow":["GET"]}}],"collection":[{"href":"https:\/\/servizilegali.org\/index.php?rest_route=\/wp\/v2\/pages"}],"about":[{"href":"https:\/\/servizilegali.org\/index.php?rest_route=\/wp\/v2\/types\/page"}],"author":[{"embeddable":true,"href":"https:\/\/servizilegali.org\/index.php?rest_route=\/wp\/v2\/users\/2"}],"replies":[{"embeddable":true,"href":"https:\/\/servizilegali.org\/index.php?rest_route=%2Fwp%2Fv2%2Fcomments&post=149"}],"version-history":[{"count":6,"href":"https:\/\/servizilegali.org\/index.php?rest_route=\/wp\/v2\/pages\/149\/revisions"}],"predecessor-version":[{"id":531,"href":"https:\/\/servizilegali.org\/index.php?rest_route=\/wp\/v2\/pages\/149\/revisions\/531"}],"up":[{"embeddable":true,"href":"https:\/\/servizilegali.org\/index.php?rest_route=\/wp\/v2\/pages\/133"}],"wp:attachment":[{"href":"https:\/\/servizilegali.org\/index.php?rest_route=%2Fwp%2Fv2%2Fmedia&parent=149"}],"curies":[{"name":"wp","href":"https:\/\/api.w.org\/{rel}","templated":true}]}}