{"id":141,"date":"2011-03-09T22:34:49","date_gmt":"2011-03-09T22:34:49","guid":{"rendered":"https:\/\/servizilegali.org\/wp\/utility\/il-salvagente\/famiglia-e-minori\/"},"modified":"2024-03-17T18:52:40","modified_gmt":"2024-03-17T17:52:40","slug":"famiglia-e-minori","status":"publish","type":"page","link":"https:\/\/servizilegali.org\/?page_id=141","title":{"rendered":"Famiglia e Minori"},"content":{"rendered":"<p style=\"text-align: justify;\"><img loading=\"lazy\" decoding=\"async\" class=\"alignnone wp-image-139 size-full\" src=\"https:\/\/servizilegali.org\/wp-content\/uploads\/2011\/03\/mm2images.jpg\" alt=\"\" width=\"240\" height=\"160\" border=\"0\" \/><\/p>\n<p style=\"text-align: justify;\"><strong>Diritto di Famiglia<\/strong><\/p>\n<p style=\"text-align: justify;\">Il diritto di famiglia impone e presuppone, una preparazione completa, plurispecialistica, \u00e8 una branca del diritto privato che disciplina i rapporti familiari in genere: Parentela e affinit\u00e0, matrimonio, i rapporti personali fra i coniugi, i rapporti patrimoniali nella famiglia, la filiazione, i rapporti fra genitori e figli, la separazione e il divorzio.<\/p>\n<p style=\"text-align: justify;\">La famiglia \u00e8 la cellula della societ\u00e0, il primo nucleo sociale, in cui l&#8217;individuo forma ed esprime la propria persona ed \u00e8 fenomeno in continuo mutamento. \u00c8 proprio per l&#8217;importanza del suo oggetto e per la delicatezza dei rapporti che esso involge che il diritto di famiglia \u00e8 area giuridica attuale e affascinante ma, al tempo stesso, estremamente complicata sia per il giurista sia, e ancor di pi\u00f9, per il comune cittadino che quotidianamente si trova coinvolto nelle dinamiche dei rapporti cui la famiglia d\u00e0 origine e nelle problematiche che da essa derivano.<\/p>\n<p>La soluzione spesso\u00a0sfugge a chi ogni giorno si trova a fare i conti con le diverse realt\u00e0 legate alla famiglia, che richiedono invece interventi pronti e immediati, perch\u00e8 le relazioni familiari, e con loro le relative problematiche, sono in continuo mutamento, sicch\u00e8 certe situazioni hanno bisogno di risposte immediate che spesso evitano anche il ricorso alle aule giudiziarie, ovvero quando necessario ne accelerano il ricorso.<\/p>\n<p style=\"text-align: justify;\"><strong>Minori<\/strong><\/p>\n<p style=\"text-align: justify;\">La gran parte del diritto minorile, ossia quelle norme civili e penali poste a tutela dei minori, ruota intorno al tribunale per i minorenni.<\/p>\n<p style=\"text-align: justify;\">Si consideri per\u00f2 che quando il minore \u00e8 vittima di un reato, il fatto commesso da un maggiorenne viene giudicato dai normali tribunali penali, mentre quando il minore ne \u00e8 autore, il fatto viene giudicato dal tribunale per i minorenni. Inoltre, in campo civile, quando i problemi relativi all\u2019affidamento di un minore si pongono nell\u2019ambito di un giudizio di separazione o divorzio, la competenza spetta al tribunale ordinario, mentre se si \u00e8 nell\u2019ambito di una famiglia di fatto o comunque della filiazione naturale, la competenza spetta al tribunale per i minorenni.<\/p>\n<p style=\"text-align: justify;\"><a href=\"https:\/\/servizilegali.org\/wp-content\/uploads\/2011\/03\/Il%20Tribunale%20per%20i%20Minorenni.pdf\" target=\"_blank\" rel=\"noopener\">Tribunale dei minorenni: Funzioni e Competenze <\/a><\/p>\n<p style=\"text-align: justify;\"><a href=\"https:\/\/servizilegali.org\/wp-content\/uploads\/2011\/03\/2_Rapporto_supplementare-2.pdf\" target=\"_blank\" rel=\"noopener\">I diritti dell\u2019infanzia e dell\u2019adolescenza in Italia<\/a><\/p>\n<p style=\"text-align: justify;\"><a href=\"https:\/\/servizilegali.org\/wp-content\/uploads\/2011\/03\/Tutela%20delle%20detenute%20madri%20e%20figli%20minori.doc\" target=\"_blank\" rel=\"noopener\">Tutela delle detenute madri e figli minori<\/a><\/p>\n","protected":false},"excerpt":{"rendered":"<p>Diritto di Famiglia Il diritto di famiglia impone e presuppone, una preparazione completa, plurispecialistica, \u00e8 una branca del diritto privato che disciplina i rapporti familiari in genere: Parentela e affinit\u00e0, matrimonio, i rapporti personali fra i coniugi, i rapporti patrimoniali nella famiglia, la filiazione, i rapporti fra genitori e figli, la separazione e il divorzio. [&hellip;]<\/p>\n","protected":false},"author":1,"featured_media":0,"parent":133,"menu_order":21,"comment_status":"closed","ping_status":"closed","template":"","meta":{"footnotes":""},"class_list":["post-141","page","type-page","status-publish","hentry"],"_links":{"self":[{"href":"https:\/\/servizilegali.org\/index.php?rest_route=\/wp\/v2\/pages\/141","targetHints":{"allow":["GET"]}}],"collection":[{"href":"https:\/\/servizilegali.org\/index.php?rest_route=\/wp\/v2\/pages"}],"about":[{"href":"https:\/\/servizilegali.org\/index.php?rest_route=\/wp\/v2\/types\/page"}],"author":[{"embeddable":true,"href":"https:\/\/servizilegali.org\/index.php?rest_route=\/wp\/v2\/users\/1"}],"replies":[{"embeddable":true,"href":"https:\/\/servizilegali.org\/index.php?rest_route=%2Fwp%2Fv2%2Fcomments&post=141"}],"version-history":[{"count":10,"href":"https:\/\/servizilegali.org\/index.php?rest_route=\/wp\/v2\/pages\/141\/revisions"}],"predecessor-version":[{"id":773,"href":"https:\/\/servizilegali.org\/index.php?rest_route=\/wp\/v2\/pages\/141\/revisions\/773"}],"up":[{"embeddable":true,"href":"https:\/\/servizilegali.org\/index.php?rest_route=\/wp\/v2\/pages\/133"}],"wp:attachment":[{"href":"https:\/\/servizilegali.org\/index.php?rest_route=%2Fwp%2Fv2%2Fmedia&parent=141"}],"curies":[{"name":"wp","href":"https:\/\/api.w.org\/{rel}","templated":true}]}}